{"id":376,"date":"2021-02-15T20:38:19","date_gmt":"2021-02-15T20:38:19","guid":{"rendered":"http:\/\/us.abbkoen.com\/?page_id=376"},"modified":"2026-03-29T14:37:55","modified_gmt":"2026-03-29T14:37:55","slug":"presseberichte","status":"publish","type":"page","link":"index.php\/presseberichte","title":{"rendered":"Presseberichte"},"content":{"rendered":"\n<figure class=\"wp-block-image size-large\"><img loading=\"lazy\" decoding=\"async\" width=\"525\" height=\"454\" data-attachment-id=\"526\" data-permalink=\"index.php\/presseberichte\/image0\" data-orig-file=\"index.php\/wp-content\/uploads\/2024\/06\/image0.jpeg\" data-orig-size=\"1037,897\" data-comments-opened=\"0\" data-image-meta=\"{&quot;aperture&quot;:&quot;0&quot;,&quot;credit&quot;:&quot;&quot;,&quot;camera&quot;:&quot;&quot;,&quot;caption&quot;:&quot;&quot;,&quot;created_timestamp&quot;:&quot;0&quot;,&quot;copyright&quot;:&quot;&quot;,&quot;focal_length&quot;:&quot;0&quot;,&quot;iso&quot;:&quot;0&quot;,&quot;shutter_speed&quot;:&quot;0&quot;,&quot;title&quot;:&quot;&quot;,&quot;orientation&quot;:&quot;0&quot;}\" data-image-title=\"image0\" data-image-description=\"\" data-medium-file=\"index.php\/wp-content\/uploads\/2024\/06\/image0-300x259.jpeg\" data-large-file=\"index.php\/wp-content\/uploads\/2024\/06\/image0-1024x886.jpeg\" src=\"https:\/\/i0.wp.com\/us.abbkoen.com\/wp-content\/uploads\/2024\/06\/image0-1024x886.jpeg?resize=525%2C454\" alt=\"\" class=\"wp-image-526\" srcset=\"index.php\/wp-content\/uploads\/2024\/06\/image0-1024x886.jpeg 1024w, index.php\/wp-content\/uploads\/2024\/06\/image0-300x259.jpeg 300w, index.php\/wp-content\/uploads\/2024\/06\/image0-768x664.jpeg 768w, index.php\/wp-content\/uploads\/2024\/06\/image0.jpeg 1037w\" sizes=\"auto, (max-width: 767px) 89vw, (max-width: 1000px) 54vw, (max-width: 1071px) 543px, 580px\" data-recalc-dims=\"1\" \/><\/figure>\n\n\n\n<p>Mainpost: 21.01.2023 <br>Die Aktiven B\u00fcrger Bad K\u00f6nigshofen haben sich mit mit der Liste Untere\u00dffeld zu einer neuen Fraktion zusammengeschlossen. Die Neue Fraktion hat den Namen &#8222;WIR&#8220;!<br>Fraktionssprecherin ist die Stadtr\u00e4tin Petra Friedl, die nun auch dem Verwaltungsrat der Kur Betriebs GmbH angeh\u00f6rt. <a href=\"https:\/\/www.mainpost.de\/regional\/rhoengrabfeld\/immer-weniger-haendler-stadt-bad-koenigshofen-reduziert-die-zahl-der-maerkte-deutlich-art-11020119\">Immer weniger H\u00e4ndler: Stadt Bad K\u00f6nigshofen reduziert die Zahl der M\u00e4rkte deutlich (mainpost.de)<\/a><\/p>\n\n\n\n<p>Mainpost: 25.01.2021 <br>Stadtbibilothek Versch\u00f6nerung<br><a rel=\"noreferrer noopener\" target=\"_blank\" href=\"https:\/\/www.mainpost.de\/regional\/rhoengrabfeld\/die-stadtbibliothek-soll-attraktiver-werden-art-10556938\">https:\/\/www.mainpost.de\/regional\/rhoengrabfeld\/die-stadtbibliothek-soll-attraktiver-werden-art-10556938<\/a>&nbsp;<br><br>Mainpost: 17.12.2020<br>Datensammlungen f\u00fcr Bad K\u00f6nigshofen <br>Federf\u00fchrend Petra Friedl mit Unterst\u00fctzung von Ralf Stengel <a rel=\"noreferrer noopener\" target=\"_blank\" href=\"https:\/\/www.mainpost.de\/regional\/rhoengrabfeld\/welche-geschaefte-liefern-grabfeld-allianz-hilft-im-lockdown-art-10543168\">https:\/\/www.mainpost.de\/regional\/rhoengrabfeld\/welche-geschaefte-liefern-grabfeld-allianz-hilft-im-lockdown-art-10543168<\/a>&nbsp;<br><br>Mainpost 05.08.2020<br>Pl\u00f6tzlicher Ausschluss Vorbesprechung f\u00fcr Fraktionslose<br><a href=\"https:\/\/www.mainpost.de\/regional\/rhoengrabfeld\/leserforum-fairness-und-sachlichkeit-im-stadtrat-art-10480815\">https:\/\/www.mainpost.de\/regional\/rhoengrabfeld\/leserforum-fairness-und-sachlichkeit-im-stadtrat-art-10480815&nbsp;<\/a><br><br>Mainpost: 24.07.2020<br>Verabschiedung von Leitung der Grundschule Fr. Palma <br>(Fr. Friedl Abschiedsrede als Elternbeiratsvorsitzende)<br><a rel=\"noreferrer noopener\" target=\"_blank\" href=\"https:\/\/www.mainpost.de\/regional\/rhoengrabfeld\/welche-geschaefte-liefern-grabfeld-allianz-hilft-im-lockdown-art-10543168\">https:\/\/www.mainpost.de\/regional\/rhoengrabfeld\/welche-geschaefte-liefern-grabfeld-allianz-hilft-im-lockdown-art-10543168<\/a>&nbsp;<br><br>Mainpost: 07.07.2020 <br>Lob an die Leiterin der Bibliothek<br><a rel=\"noreferrer noopener\" target=\"_blank\" href=\"https:\/\/www.mainpost.de\/regional\/rhoengrabfeld\/stadtbibliothek-kompliment-an-die-leiterin-art-10467983\">https:\/\/www.mainpost.de\/regional\/rhoengrabfeld\/stadtbibliothek-kompliment-an-die-leiterin-art-10467983<\/a>&nbsp;<br><br>Mainpost 05.05.2020 <br>Leserforum eigenwillilges Demokratieverst\u00e4ndnis<br><a rel=\"noreferrer noopener\" target=\"_blank\" href=\"https:\/\/www.mainpost.de\/regional\/rhoengrabfeld\/leserforum-paradebeispiel-fuer-restriktive-massnahmen-art-10442391npost\">https:\/\/www.mainpost.de\/regional\/rhoengrabfeld\/leserforum-paradebeispiel-fuer-restriktive-massnahmen-art-10442391npost<\/a>:&nbsp;<br><br>Mainpost: 20.03.2020 <br>Corona-Einkaufservice Bad K\u00f6nigshofen Petra Friedl und Ralf Stengel <a rel=\"noreferrer noopener\" target=\"_blank\" href=\"https:\/\/www.mainpost.de\/regional\/rhoengrabfeld\/corona-hilfe-per-telefon-und-im-netz-art-10425434\">https:\/\/www.mainpost.de\/regional\/rhoengrabfeld\/corona-hilfe-per-telefon-und-im-netz-art-10425434<\/a>&nbsp;<br><br>Mainpost: 13.03.2020<br><a href=\"https:\/\/www.mainpost.de\/regional\/rhoengrabfeld\/ohne-rechtsgrundlage-schriftliche-ermahnung-an-stadtrat-art-10421989#commentsAreaAnchor\">Ohne Rechtsgrundlage: Schriftliche Ermahnung an Stadtrat (mainpost.de)<\/a><\/p>\n\n\n\n<p><br><br>Stand: 29.03.2026<\/p>\n","protected":false},"excerpt":{"rendered":"<p>Mainpost: 21.01.2023 Die Aktiven B\u00fcrger Bad K\u00f6nigshofen haben sich mit mit der Liste Untere\u00dffeld zu einer neuen Fraktion zusammengeschlossen. Die Neue Fraktion hat den Namen &#8222;WIR&#8220;!Fraktionssprecherin ist die Stadtr\u00e4tin Petra Friedl, die nun auch dem Verwaltungsrat der Kur Betriebs GmbH angeh\u00f6rt. Immer weniger H\u00e4ndler: Stadt Bad K\u00f6nigshofen reduziert die Zahl der M\u00e4rkte deutlich (mainpost.de) Mainpost: &hellip; <\/p>\n<p class=\"link-more\"><a href=\"index.php\/presseberichte\" class=\"more-link\"><span class=\"screen-reader-text\">\u201ePresseberichte\u201c <\/span>weiterlesen<\/a><\/p>\n","protected":false},"author":1,"featured_media":0,"parent":0,"menu_order":0,"comment_status":"closed","ping_status":"closed","template":"","meta":{"spay_email":"","footnotes":""},"class_list":["post-376","page","type-page","status-publish","hentry"],"_links":{"self":[{"href":"index.php\/wp-json\/wp\/v2\/pages\/376","targetHints":{"allow":["GET"]}}],"collection":[{"href":"index.php\/wp-json\/wp\/v2\/pages"}],"about":[{"href":"index.php\/wp-json\/wp\/v2\/types\/page"}],"author":[{"embeddable":true,"href":"index.php\/wp-json\/wp\/v2\/users\/1"}],"replies":[{"embeddable":true,"href":"index.php\/wp-json\/wp\/v2\/comments?post=376"}],"version-history":[{"count":9,"href":"index.php\/wp-json\/wp\/v2\/pages\/376\/revisions"}],"predecessor-version":[{"id":799,"href":"index.php\/wp-json\/wp\/v2\/pages\/376\/revisions\/799"}],"wp:attachment":[{"href":"index.php\/wp-json\/wp\/v2\/media?parent=376"}],"curies":[{"name":"wp","href":"https:\/\/api.w.org\/{rel}","templated":true}]}}