{"id":74,"date":"2020-12-05T14:06:59","date_gmt":"2020-12-05T14:06:59","guid":{"rendered":"http:\/\/us.abbkoen.com\/?page_id=74"},"modified":"2026-03-30T13:10:59","modified_gmt":"2026-03-30T13:10:59","slug":"geschichte","status":"publish","type":"page","link":"index.php\/geschichte","title":{"rendered":"Geschichte"},"content":{"rendered":"\n<p><strong>Geschichte <\/strong>der Aktiven B\u00fcrger Bad K\u00f6nigshofen &#8211; ABB-Wahlprogramm 2020 &#8211;&gt; <a rel=\"noreferrer noopener\" href=\"http:\/\/abbkoen.com\/kommunalwahl2020.html\" target=\"_blank\">hier<\/a><\/p>\n\n\n\n<p>Du m\u00f6chtest bei uns Mitglied werden?<br>Wenn ja, dann klicke hier zum&nbsp;<a rel=\"noreferrer noopener\" href=\"https:\/\/abbkoen.com\/abbaufnahmeantrag.pdf\" target=\"_blank\">Aufnahmeantrag<\/a><br><br>Die freie W\u00e4hlergemeinschaft Aktive B\u00fcrger Bad K\u00f6nigshofen e.V. ABB wurde am 10. November 1995 gegr\u00fcndet. Damals als eine lose W\u00e4hlervereinigung. Am 20. Dezember 1995 fand unsere erste Nominierungsversammlung statt.<br><br>Nachdem wir mit der Vertretung im Stadtrat nicht zufrieden waren wurden wir aktiv. Die Innenstadt von Bad K\u00f6nigshofen soll nach unserer Zielsetzung in ihrer Eigenheit, Sch\u00f6nheit sowie Funktionalit\u00e4t erhalten und verbessert werden. Es muss ein funktionierende Stadt sein.<br><br><img loading=\"lazy\" decoding=\"async\" width=\"525\" height=\"656\" src=\"https:\/\/i0.wp.com\/abbkoen.com\/marktplatzgeschichte.jpg?resize=525%2C656\" data-recalc-dims=\"1\"><br>Marktplatz Bad K\u00f6nigshofen, Fotoaufnahme ca. 1965-1970, Archiv: Unger Foto Grafik Webdesign<br><br>Bei der Stadtratswahl im M\u00e4rz 1996 wurde Herr Willi Carstensen in den Stadtrat gew\u00e4hlt. Die Eintragung unserer W\u00e4hlergemeinschaft erfolgte im Dezember 1996 in Form eines eingetragenen W\u00e4hlervereins.<br><br>Seit dem 5. M\u00e4rz 1997 vertrat Hugo Reinhard die Interessen und Anliegen unserer B\u00fcrgerinnen und B\u00fcrger im Stadtrat. Vom Jahre 2002 bis zum Jahre 2008 war Martin Linn von den ABBlern im Stadtrat. Im Jahr 2008 wurde Herbert H\u00e4cker in den Stadtrat gew\u00e4hlt und hat sich mit gro\u00dferFreude f\u00fcr die Belange der Menschen eingesetzt. <\/p>\n\n\n\n<p>Am 14.09.2017 r\u00fcckte Ralf&nbsp;Stengel&nbsp;als Stadtrat nach. Durch seine Fachkompetenz wurden Themen intensiv er\u00f6rtert und auch einige Entscheidungen kritisch hinterfragt.<br><br>Nach den Neuwahlen wurde am 07.05.2020 Petra Friedl als Stadtr\u00e4tin vereidigt.<br>Im Jahr 2026 tritt sie als B\u00fcrgermeisterkandidatin bei der Kommunalwahl an.<\/p>\n\n\n\n<p>In den Stadtrat wurden am 08.03.2026 Petra Friedl und Petra Kempf gew\u00e4hlt. Petra Friedl war zudem als Kandidatin f\u00fcr das B\u00fcrgermeisteramt nominiert. Sie hat die zweitmeisten Stimmen bekommen und ging am 22.03.2026 in die Stichwahl. Mit 39,7 % wurde ein sehr beachtliches Ergebnis erreicht, denn Petra Friedl kandidierte erstmalig f\u00fcr die ABB.<\/p>\n\n\n\n<p>Nur damit bleibt sie f\u00fcr die B\u00fcrger aus der Stadt und aus den Stadtteilen attraktiv. Nur eine erreichbare, lebendige Einkaufsstadt mit ausreichenden Parkm\u00f6glichkeiten bietet die Voraussetzung dass ein Hinfahren sich lohnt.<br><br>Dazu geh\u00f6ren nicht nur die Gesch\u00e4fte, nein auch \u00c4rzte, Beh\u00f6rden, Banken, Versicherungen, Cafes, Gastst\u00e4tten und abwechslungsreiche Veranstaltungen.<br><br>Deshalb treten wir auch f\u00fcr die Verbesserung des Fremdenverkehrs und der Kur ein. Damit k\u00f6nnen vorhandene Arbeitspl\u00e4tze erhalten und auch neue geschaffen werden. Wir sehen dies als eine Einheit.<br><br>Die Geschichte der Stadt Bad K\u00f6nigshofen:<br><br>Der Ort wurde 741 erstmals urkundlich erw\u00e4hnt. Allerdings war er bereits deutlich zuvor besiedelt. Dies zeigten Grabfunde aus der Zeit um 600 die im Bereich der heutigen Festungsstra\u00dfe gemacht wurden. Dabei sind in diesem Gr\u00e4berfeld teils christliche und teils heidnische Bestattungen vorhanden. Zu den Grabbeigaben z\u00e4hlen unter anderem ein Langschwert und diverse Tonwaren. Eine noch \u00e4ltere Siedlung, die im 4. Jahrhundert bewohnt war, wurde an der Bamberger Stra\u00dfe nachgewiesen. Die Verleihung der Stadtrechte erfolgte in der Zeit um 1235. K\u00f6nigshofen war bis 1354 Eigentum der Grafen von Henneberg und kam dann in den Besitz der W\u00fcrzburger Bisch\u00f6fe. Sie bauten K\u00f6nigshofen zu einer Festung aus. 1631 bis 1635 war K\u00f6nigshofen von den Schweden besetzt. Als Teil des Hochstiftes W\u00fcrzburg, das zum Fr\u00e4nkischen Reichskreis geh\u00f6rte, wurde<br>das Amt K\u00f6nigshofen 1803 zugunsten Bayerns s\u00e4kularisiert und im Frieden von Pre\u00dfburg (1805) Erzherzog Ferdinand von Toskana zur Bildung des Gro\u00dfherzogtums W\u00fcrzburg \u00fcberlassen. Mit diesem fiel es 1814 endg\u00fcltig an das K\u00f6nigreich Bayern. Im Jahr 1893 wurde die Stadt mit der Grabfeldbahn an das Eisenbahnnetz angeschlossen. K\u00f6nigshofen war seit Beginn <br>des 19. Jahrhunderts bayerische Kreisstadt und Sitz eines k\u00f6niglichen Landgerichts. Am 1. Juli 1972 wurde der Landkreis K\u00f6nigshofen aufgel\u00f6st.<br>Am 14. September 1974 wurde die Stadt zum Bad erhoben.<br><br>Eingemeindungen<br><br>Am 1. Januar 1972 wurden die bisher selbst\u00e4ndigen Gemeinden Gabolshausen, Ipthausen und Untere\u00dffeld eingegliedert. Am 1. April 1972 kam Eyershausen hinzu. Althausen folgte am 1. Juli 1972. Merkershausen wurde am 1. Juli 1976 eingegliedert. Die Reihe der Eingemeindungen wurde mit der Eingliederung von Aub am 1. Mai 1978 abgeschlossen.<\/p>\n\n\n\n<p><br>Stand: 29.03.2026<\/p>\n\n\n\n<p><\/p>\n","protected":false},"excerpt":{"rendered":"<p>Geschichte der Aktiven B\u00fcrger Bad K\u00f6nigshofen &#8211; ABB-Wahlprogramm 2020 &#8211;&gt; hier Du m\u00f6chtest bei uns Mitglied werden?Wenn ja, dann klicke hier zum&nbsp;Aufnahmeantrag Die freie W\u00e4hlergemeinschaft Aktive B\u00fcrger Bad K\u00f6nigshofen e.V. ABB wurde am 10. November 1995 gegr\u00fcndet. Damals als eine lose W\u00e4hlervereinigung. Am 20. Dezember 1995 fand unsere erste Nominierungsversammlung statt. Nachdem wir mit der &hellip; <\/p>\n<p class=\"link-more\"><a href=\"index.php\/geschichte\" class=\"more-link\"><span class=\"screen-reader-text\">\u201eGeschichte\u201c <\/span>weiterlesen<\/a><\/p>\n","protected":false},"author":1,"featured_media":821,"parent":0,"menu_order":0,"comment_status":"closed","ping_status":"closed","template":"","meta":{"spay_email":"","footnotes":""},"class_list":["post-74","page","type-page","status-publish","has-post-thumbnail","hentry"],"_links":{"self":[{"href":"index.php\/wp-json\/wp\/v2\/pages\/74","targetHints":{"allow":["GET"]}}],"collection":[{"href":"index.php\/wp-json\/wp\/v2\/pages"}],"about":[{"href":"index.php\/wp-json\/wp\/v2\/types\/page"}],"author":[{"embeddable":true,"href":"index.php\/wp-json\/wp\/v2\/users\/1"}],"replies":[{"embeddable":true,"href":"index.php\/wp-json\/wp\/v2\/comments?post=74"}],"version-history":[{"count":15,"href":"index.php\/wp-json\/wp\/v2\/pages\/74\/revisions"}],"predecessor-version":[{"id":825,"href":"index.php\/wp-json\/wp\/v2\/pages\/74\/revisions\/825"}],"wp:featuredmedia":[{"embeddable":true,"href":"index.php\/wp-json\/wp\/v2\/media\/821"}],"wp:attachment":[{"href":"index.php\/wp-json\/wp\/v2\/media?parent=74"}],"curies":[{"name":"wp","href":"https:\/\/api.w.org\/{rel}","templated":true}]}}