{"id":77,"date":"2020-12-05T14:06:59","date_gmt":"2020-12-05T14:06:59","guid":{"rendered":"http:\/\/us.abbkoen.com\/?page_id=77"},"modified":"2026-03-30T12:56:34","modified_gmt":"2026-03-30T12:56:34","slug":"wahlinfo","status":"publish","type":"page","link":"index.php\/wahlinfo","title":{"rendered":"Wahlinfo"},"content":{"rendered":"\n<p>Petra Friedl und Petra Kempf sind am 08.03.2026 zu Stadtr\u00e4tinnen der ABB gew\u00e4hlt worden. Herzlichen Gl\u00fcckwunsch!<\/p>\n\n\n\n<div class=\"wp-block-group\"><div class=\"wp-block-group__inner-container is-layout-constrained wp-block-group-is-layout-constrained\">\nWahlergebnisse vom 08.03.2026 und vom 22.03.2026:\n<\/div><\/div>\n\n\n\n<figure class=\"wp-block-image size-full\"><img loading=\"lazy\" decoding=\"async\" width=\"525\" height=\"186\" data-attachment-id=\"806\" data-permalink=\"index.php\/wahlinfo\/dia_kreistag\" data-orig-file=\"index.php\/wp-content\/uploads\/2026\/03\/dia_kreistag.jpeg\" data-orig-size=\"992,352\" data-comments-opened=\"0\" data-image-meta=\"{&quot;aperture&quot;:&quot;0&quot;,&quot;credit&quot;:&quot;&quot;,&quot;camera&quot;:&quot;&quot;,&quot;caption&quot;:&quot;&quot;,&quot;created_timestamp&quot;:&quot;0&quot;,&quot;copyright&quot;:&quot;&quot;,&quot;focal_length&quot;:&quot;0&quot;,&quot;iso&quot;:&quot;0&quot;,&quot;shutter_speed&quot;:&quot;0&quot;,&quot;title&quot;:&quot;&quot;,&quot;orientation&quot;:&quot;0&quot;}\" data-image-title=\"dia_kreistag\" data-image-description=\"\" data-medium-file=\"index.php\/wp-content\/uploads\/2026\/03\/dia_kreistag-300x106.jpeg\" data-large-file=\"index.php\/wp-content\/uploads\/2026\/03\/dia_kreistag.jpeg\" src=\"https:\/\/i1.wp.com\/us.abbkoen.com\/wp-content\/uploads\/2026\/03\/dia_kreistag.jpeg?resize=525%2C186\" alt=\"\" class=\"wp-image-806\" srcset=\"index.php\/wp-content\/uploads\/2026\/03\/dia_kreistag.jpeg 992w, index.php\/wp-content\/uploads\/2026\/03\/dia_kreistag-300x106.jpeg 300w, index.php\/wp-content\/uploads\/2026\/03\/dia_kreistag-768x273.jpeg 768w\" sizes=\"auto, (max-width: 767px) 89vw, (max-width: 1000px) 54vw, (max-width: 1071px) 543px, 580px\" data-recalc-dims=\"1\" \/><figcaption class=\"wp-element-caption\">Kreistagswahl 08.03.2026<\/figcaption><\/figure>\n\n\n\n<figure class=\"wp-block-image size-full\"><img loading=\"lazy\" decoding=\"async\" width=\"525\" height=\"186\" data-attachment-id=\"821\" data-permalink=\"index.php\/wahlinfo\/dia_landrat\" data-orig-file=\"index.php\/wp-content\/uploads\/2026\/03\/dia_landrat.jpeg\" data-orig-size=\"992,352\" data-comments-opened=\"0\" data-image-meta=\"{&quot;aperture&quot;:&quot;0&quot;,&quot;credit&quot;:&quot;&quot;,&quot;camera&quot;:&quot;&quot;,&quot;caption&quot;:&quot;&quot;,&quot;created_timestamp&quot;:&quot;0&quot;,&quot;copyright&quot;:&quot;&quot;,&quot;focal_length&quot;:&quot;0&quot;,&quot;iso&quot;:&quot;0&quot;,&quot;shutter_speed&quot;:&quot;0&quot;,&quot;title&quot;:&quot;&quot;,&quot;orientation&quot;:&quot;0&quot;}\" data-image-title=\"dia_landrat\" data-image-description=\"\" data-medium-file=\"index.php\/wp-content\/uploads\/2026\/03\/dia_landrat-300x106.jpeg\" data-large-file=\"index.php\/wp-content\/uploads\/2026\/03\/dia_landrat.jpeg\" src=\"https:\/\/i2.wp.com\/us.abbkoen.com\/wp-content\/uploads\/2026\/03\/dia_landrat.jpeg?resize=525%2C186\" alt=\"\" class=\"wp-image-821\" srcset=\"index.php\/wp-content\/uploads\/2026\/03\/dia_landrat.jpeg 992w, index.php\/wp-content\/uploads\/2026\/03\/dia_landrat-300x106.jpeg 300w, index.php\/wp-content\/uploads\/2026\/03\/dia_landrat-768x273.jpeg 768w\" sizes=\"auto, (max-width: 767px) 89vw, (max-width: 1000px) 54vw, (max-width: 1071px) 543px, 580px\" data-recalc-dims=\"1\" \/><figcaption class=\"wp-element-caption\">Landratswahl 08.03.2026<\/figcaption><\/figure>\n\n\n\n<figure class=\"wp-block-image size-full\"><img loading=\"lazy\" decoding=\"async\" width=\"525\" height=\"186\" data-attachment-id=\"807\" data-permalink=\"index.php\/wahlinfo\/dia_stadtrat\" data-orig-file=\"index.php\/wp-content\/uploads\/2026\/03\/dia_stadtrat.jpeg\" data-orig-size=\"992,352\" data-comments-opened=\"0\" data-image-meta=\"{&quot;aperture&quot;:&quot;0&quot;,&quot;credit&quot;:&quot;&quot;,&quot;camera&quot;:&quot;&quot;,&quot;caption&quot;:&quot;&quot;,&quot;created_timestamp&quot;:&quot;0&quot;,&quot;copyright&quot;:&quot;&quot;,&quot;focal_length&quot;:&quot;0&quot;,&quot;iso&quot;:&quot;0&quot;,&quot;shutter_speed&quot;:&quot;0&quot;,&quot;title&quot;:&quot;&quot;,&quot;orientation&quot;:&quot;0&quot;}\" data-image-title=\"dia_stadtrat\" data-image-description=\"\" data-medium-file=\"index.php\/wp-content\/uploads\/2026\/03\/dia_stadtrat-300x106.jpeg\" data-large-file=\"index.php\/wp-content\/uploads\/2026\/03\/dia_stadtrat.jpeg\" src=\"https:\/\/i2.wp.com\/us.abbkoen.com\/wp-content\/uploads\/2026\/03\/dia_stadtrat.jpeg?resize=525%2C186\" alt=\"\" class=\"wp-image-807\" srcset=\"index.php\/wp-content\/uploads\/2026\/03\/dia_stadtrat.jpeg 992w, index.php\/wp-content\/uploads\/2026\/03\/dia_stadtrat-300x106.jpeg 300w, index.php\/wp-content\/uploads\/2026\/03\/dia_stadtrat-768x273.jpeg 768w\" sizes=\"auto, (max-width: 767px) 89vw, (max-width: 1000px) 54vw, (max-width: 1071px) 543px, 580px\" data-recalc-dims=\"1\" \/><figcaption class=\"wp-element-caption\">Stadtratswahl 08.03.2026<\/figcaption><\/figure>\n\n\n\n<figure class=\"wp-block-image size-full\"><img loading=\"lazy\" decoding=\"async\" width=\"525\" height=\"186\" data-attachment-id=\"805\" data-permalink=\"index.php\/wahlinfo\/dia_buergermeister\" data-orig-file=\"index.php\/wp-content\/uploads\/2026\/03\/dia_buergermeister.jpeg\" data-orig-size=\"992,352\" data-comments-opened=\"0\" data-image-meta=\"{&quot;aperture&quot;:&quot;0&quot;,&quot;credit&quot;:&quot;&quot;,&quot;camera&quot;:&quot;&quot;,&quot;caption&quot;:&quot;&quot;,&quot;created_timestamp&quot;:&quot;0&quot;,&quot;copyright&quot;:&quot;&quot;,&quot;focal_length&quot;:&quot;0&quot;,&quot;iso&quot;:&quot;0&quot;,&quot;shutter_speed&quot;:&quot;0&quot;,&quot;title&quot;:&quot;&quot;,&quot;orientation&quot;:&quot;0&quot;}\" data-image-title=\"dia_buergermeister\" data-image-description=\"\" data-medium-file=\"index.php\/wp-content\/uploads\/2026\/03\/dia_buergermeister-300x106.jpeg\" data-large-file=\"index.php\/wp-content\/uploads\/2026\/03\/dia_buergermeister.jpeg\" src=\"https:\/\/i2.wp.com\/us.abbkoen.com\/wp-content\/uploads\/2026\/03\/dia_buergermeister.jpeg?resize=525%2C186\" alt=\"\" class=\"wp-image-805\" srcset=\"index.php\/wp-content\/uploads\/2026\/03\/dia_buergermeister.jpeg 992w, index.php\/wp-content\/uploads\/2026\/03\/dia_buergermeister-300x106.jpeg 300w, index.php\/wp-content\/uploads\/2026\/03\/dia_buergermeister-768x273.jpeg 768w\" sizes=\"auto, (max-width: 767px) 89vw, (max-width: 1000px) 54vw, (max-width: 1071px) 543px, 580px\" data-recalc-dims=\"1\" \/><figcaption class=\"wp-element-caption\">B\u00fcrgermeisterwahl 08.03.2026<\/figcaption><\/figure>\n\n\n\n<figure class=\"wp-block-image size-full\"><img loading=\"lazy\" decoding=\"async\" width=\"525\" height=\"186\" data-attachment-id=\"804\" data-permalink=\"index.php\/wahlinfo\/dia_bgm_stich\" data-orig-file=\"index.php\/wp-content\/uploads\/2026\/03\/dia_bgm_stich.jpeg\" data-orig-size=\"992,352\" data-comments-opened=\"0\" data-image-meta=\"{&quot;aperture&quot;:&quot;0&quot;,&quot;credit&quot;:&quot;&quot;,&quot;camera&quot;:&quot;&quot;,&quot;caption&quot;:&quot;&quot;,&quot;created_timestamp&quot;:&quot;0&quot;,&quot;copyright&quot;:&quot;&quot;,&quot;focal_length&quot;:&quot;0&quot;,&quot;iso&quot;:&quot;0&quot;,&quot;shutter_speed&quot;:&quot;0&quot;,&quot;title&quot;:&quot;&quot;,&quot;orientation&quot;:&quot;0&quot;}\" data-image-title=\"dia_bgm_stich\" data-image-description=\"\" data-medium-file=\"index.php\/wp-content\/uploads\/2026\/03\/dia_bgm_stich-300x106.jpeg\" data-large-file=\"index.php\/wp-content\/uploads\/2026\/03\/dia_bgm_stich.jpeg\" src=\"https:\/\/i0.wp.com\/us.abbkoen.com\/wp-content\/uploads\/2026\/03\/dia_bgm_stich.jpeg?resize=525%2C186\" alt=\"\" class=\"wp-image-804\" srcset=\"index.php\/wp-content\/uploads\/2026\/03\/dia_bgm_stich.jpeg 992w, index.php\/wp-content\/uploads\/2026\/03\/dia_bgm_stich-300x106.jpeg 300w, index.php\/wp-content\/uploads\/2026\/03\/dia_bgm_stich-768x273.jpeg 768w\" sizes=\"auto, (max-width: 767px) 89vw, (max-width: 1000px) 54vw, (max-width: 1071px) 543px, 580px\" data-recalc-dims=\"1\" \/><figcaption class=\"wp-element-caption\">Stichwahl 22.03.2026<\/figcaption><\/figure>\n\n\n\n<p>Aktualisierung: 29.03.2026<br><\/p>\n\n\n\n<p><\/p>\n","protected":false},"excerpt":{"rendered":"<p>Petra Friedl und Petra Kempf sind am 08.03.2026 zu Stadtr\u00e4tinnen der ABB gew\u00e4hlt worden. Herzlichen Gl\u00fcckwunsch! Wahlergebnisse vom 08.03.2026 und vom 22.03.2026: Aktualisierung: 29.03.2026<\/p>\n","protected":false},"author":1,"featured_media":806,"parent":0,"menu_order":0,"comment_status":"closed","ping_status":"closed","template":"","meta":{"spay_email":"","footnotes":""},"class_list":["post-77","page","type-page","status-publish","has-post-thumbnail","hentry"],"_links":{"self":[{"href":"index.php\/wp-json\/wp\/v2\/pages\/77","targetHints":{"allow":["GET"]}}],"collection":[{"href":"index.php\/wp-json\/wp\/v2\/pages"}],"about":[{"href":"index.php\/wp-json\/wp\/v2\/types\/page"}],"author":[{"embeddable":true,"href":"index.php\/wp-json\/wp\/v2\/users\/1"}],"replies":[{"embeddable":true,"href":"index.php\/wp-json\/wp\/v2\/comments?post=77"}],"version-history":[{"count":19,"href":"index.php\/wp-json\/wp\/v2\/pages\/77\/revisions"}],"predecessor-version":[{"id":823,"href":"index.php\/wp-json\/wp\/v2\/pages\/77\/revisions\/823"}],"wp:featuredmedia":[{"embeddable":true,"href":"index.php\/wp-json\/wp\/v2\/media\/806"}],"wp:attachment":[{"href":"index.php\/wp-json\/wp\/v2\/media?parent=77"}],"curies":[{"name":"wp","href":"https:\/\/api.w.org\/{rel}","templated":true}]}}