{"id":78,"date":"2020-12-05T14:06:59","date_gmt":"2020-12-05T14:06:59","guid":{"rendered":"http:\/\/us.abbkoen.com\/?page_id=78"},"modified":"2026-03-29T14:39:45","modified_gmt":"2026-03-29T14:39:45","slug":"vorstand","status":"publish","type":"page","link":"index.php\/vorstand","title":{"rendered":"Vorstand"},"content":{"rendered":"\n<p><strong>Vorstand&nbsp;&nbsp;&nbsp;&nbsp;&nbsp;&nbsp;&nbsp;&nbsp;&nbsp;&nbsp;&nbsp;                             <\/strong><br>Du m\u00f6chtest bei uns Mitglied werden?<br>Wenn ja, dann klicke hier zum&nbsp;<a href=\"https:\/\/abbkoen.com\/abbaufnahmeantrag.pdf\" target=\"_blank\" rel=\"noreferrer noopener\">Aufnahmeantrag<\/a><\/p>\n\n\n\n<p><strong>1 . Vorsitzende und Stadtr\u00e4tin&nbsp;<\/strong><\/p>\n\n\n\n<figure class=\"wp-block-image\"><img loading=\"lazy\" decoding=\"async\" width=\"118\" height=\"157\" data-attachment-id=\"302\" data-permalink=\"index.php\/vorstand\/01_foto\" data-orig-file=\"index.php\/wp-content\/uploads\/2020\/12\/01_foto.jpg\" data-orig-size=\"118,157\" data-comments-opened=\"0\" data-image-meta=\"{&quot;aperture&quot;:&quot;0&quot;,&quot;credit&quot;:&quot;&quot;,&quot;camera&quot;:&quot;&quot;,&quot;caption&quot;:&quot;&quot;,&quot;created_timestamp&quot;:&quot;0&quot;,&quot;copyright&quot;:&quot;&quot;,&quot;focal_length&quot;:&quot;0&quot;,&quot;iso&quot;:&quot;0&quot;,&quot;shutter_speed&quot;:&quot;0&quot;,&quot;title&quot;:&quot;&quot;,&quot;orientation&quot;:&quot;0&quot;}\" data-image-title=\"01_foto\" data-image-description=\"\" data-medium-file=\"index.php\/wp-content\/uploads\/2020\/12\/01_foto.jpg\" data-large-file=\"index.php\/wp-content\/uploads\/2020\/12\/01_foto.jpg\" src=\"https:\/\/i2.wp.com\/us.abbkoen.com\/wp-content\/uploads\/2020\/12\/01_foto.jpg?resize=118%2C157\" alt=\"Petra Friedl\" class=\"wp-image-302\" data-recalc-dims=\"1\"\/><\/figure>\n\n\n\n<p>Petra Friedl<br>Anschrift:<br>Obere Gasse 15<br>97631 Bad K\u00f6nigshofen<\/p>\n\n\n\n<p>Kontakt:<br>Mobil: 0152-55277987<br>E-Mail: abb-koen(at)gmx.de<\/p>\n\n\n\n<figure class=\"wp-block-embed is-type-video is-provider-youtube wp-block-embed-youtube wp-embed-aspect-9-16 wp-has-aspect-ratio\"><div class=\"wp-block-embed__wrapper\">\n<iframe loading=\"lazy\" title=\"Stichwahl 22.03.2023 - Deine Stimme f\u00fcr Petra Friedl zur B\u00fcrgermeisterin von Bad K\u00f6nigshofen!\" width=\"443\" height=\"788\" src=\"https:\/\/www.youtube.com\/embed\/9O6Oa6KzPhw?feature=oembed\" frameborder=\"0\" allow=\"accelerometer; autoplay; clipboard-write; encrypted-media; gyroscope; picture-in-picture; web-share\" referrerpolicy=\"strict-origin-when-cross-origin\" allowfullscreen><\/iframe>\n<\/div><\/figure>\n\n\n\n<figure class=\"wp-block-image size-full\"><img loading=\"lazy\" decoding=\"async\" width=\"525\" height=\"295\" data-attachment-id=\"665\" data-permalink=\"index.php\/vorstand\/abb_2025_11_18_nr2-2\" data-orig-file=\"index.php\/wp-content\/uploads\/2025\/11\/abb_2025_11_18_nr2-2.jpeg\" data-orig-size=\"928,522\" data-comments-opened=\"0\" data-image-meta=\"{&quot;aperture&quot;:&quot;0&quot;,&quot;credit&quot;:&quot;&quot;,&quot;camera&quot;:&quot;&quot;,&quot;caption&quot;:&quot;&quot;,&quot;created_timestamp&quot;:&quot;0&quot;,&quot;copyright&quot;:&quot;&quot;,&quot;focal_length&quot;:&quot;0&quot;,&quot;iso&quot;:&quot;0&quot;,&quot;shutter_speed&quot;:&quot;0&quot;,&quot;title&quot;:&quot;&quot;,&quot;orientation&quot;:&quot;0&quot;}\" data-image-title=\"abb_2025_11_18_nr2-2\" data-image-description=\"\" data-medium-file=\"index.php\/wp-content\/uploads\/2025\/11\/abb_2025_11_18_nr2-2-300x169.jpeg\" data-large-file=\"index.php\/wp-content\/uploads\/2025\/11\/abb_2025_11_18_nr2-2.jpeg\" src=\"https:\/\/i2.wp.com\/us.abbkoen.com\/wp-content\/uploads\/2025\/11\/abb_2025_11_18_nr2-2.jpeg?resize=525%2C295\" alt=\"\" class=\"wp-image-665\" srcset=\"index.php\/wp-content\/uploads\/2025\/11\/abb_2025_11_18_nr2-2.jpeg 928w, index.php\/wp-content\/uploads\/2025\/11\/abb_2025_11_18_nr2-2-300x169.jpeg 300w, index.php\/wp-content\/uploads\/2025\/11\/abb_2025_11_18_nr2-2-768x432.jpeg 768w\" sizes=\"auto, (max-width: 767px) 89vw, (max-width: 1000px) 54vw, (max-width: 1071px) 543px, 580px\" data-recalc-dims=\"1\" \/><figcaption class=\"wp-element-caption\">Vorstandschaft: Aktive B\u00fcrger Bad K\u00f6nigshofen<\/figcaption><\/figure>\n\n\n\n<p><strong>Politische T\u00e4tigkeiten von Petra Friedl:<\/strong><br>Mitglied im Pflegeausschuss der Juliusspitalstiftung<br>Verbindungsfrau Stadtteil Merkershausen<br>Referate: Allianz Fr\u00e4nkischer Grabfeldgau e.V.<br>Verwaltungsratsmitglied der Kur Betriebs GmbH<br>Grundst\u00fccke, Vermarkung, Vermessung Merkershausen<br><br><strong>Funktionen:<\/strong><br>Fraktionssprecherin der Fraktion &#8222;WIR&#8220; (ABB + Liste Untere\u00dffeld) <br>Mitglied im Verwaltungsrat der Kur Betriebs GmbH<br>Stadtrat Stadt Bad K\u00f6nigshofen i. Grabfeld <br>Jeweils f\u00fcr die Wahlperiode von 01.05.2020 bis 30.04.2026<br>Mitglied im Land- und Forstwirtschaftsausschuss <br>Ortssprecherin von Merkershausen&nbsp; <br>Referentin f\u00fcr Schule , Bildung, Bibliothek, Verb\u00e4nde, Vereine, Sport, Handel und Gewerbe<br>1. Vorsitzende Elternbeirat Grabfeldgrundschule<br>2. Vorsitzende Elternbeirat Gymnasium Bad K\u00f6nigshofen&nbsp;<br><br><strong>Gremien:<\/strong><br>Verwaltungsr\u00e4tin der Kur Betriebs GmbH <br>Stadtr\u00e4tin Stadt Bad K\u00f6nigshofen i. Grabfeld <br>Jeweils f\u00fcr die Wahlperiode von 01.05.2020 bis 30.04.2026<\/p>\n\n\n\n<p><br>Aktualisierung: 29.03.2026<\/p>\n","protected":false},"excerpt":{"rendered":"<p>Vorstand&nbsp;&nbsp;&nbsp;&nbsp;&nbsp;&nbsp;&nbsp;&nbsp;&nbsp;&nbsp;&nbsp; Du m\u00f6chtest bei uns Mitglied werden?Wenn ja, dann klicke hier zum&nbsp;Aufnahmeantrag 1 . Vorsitzende und Stadtr\u00e4tin&nbsp; Petra FriedlAnschrift:Obere Gasse 1597631 Bad K\u00f6nigshofen Kontakt:Mobil: 0152-55277987E-Mail: abb-koen(at)gmx.de Politische T\u00e4tigkeiten von Petra Friedl:Mitglied im Pflegeausschuss der JuliusspitalstiftungVerbindungsfrau Stadtteil MerkershausenReferate: Allianz Fr\u00e4nkischer Grabfeldgau e.V.Verwaltungsratsmitglied der Kur Betriebs GmbHGrundst\u00fccke, Vermarkung, Vermessung Merkershausen Funktionen:Fraktionssprecherin der Fraktion &#8222;WIR&#8220; (ABB + Liste &hellip; <\/p>\n<p class=\"link-more\"><a href=\"index.php\/vorstand\" class=\"more-link\"><span class=\"screen-reader-text\">\u201eVorstand\u201c <\/span>weiterlesen<\/a><\/p>\n","protected":false},"author":1,"featured_media":0,"parent":0,"menu_order":0,"comment_status":"closed","ping_status":"closed","template":"","meta":{"spay_email":"","footnotes":""},"class_list":["post-78","page","type-page","status-publish","hentry"],"_links":{"self":[{"href":"index.php\/wp-json\/wp\/v2\/pages\/78","targetHints":{"allow":["GET"]}}],"collection":[{"href":"index.php\/wp-json\/wp\/v2\/pages"}],"about":[{"href":"index.php\/wp-json\/wp\/v2\/types\/page"}],"author":[{"embeddable":true,"href":"index.php\/wp-json\/wp\/v2\/users\/1"}],"replies":[{"embeddable":true,"href":"index.php\/wp-json\/wp\/v2\/comments?post=78"}],"version-history":[{"count":22,"href":"index.php\/wp-json\/wp\/v2\/pages\/78\/revisions"}],"predecessor-version":[{"id":802,"href":"index.php\/wp-json\/wp\/v2\/pages\/78\/revisions\/802"}],"wp:attachment":[{"href":"index.php\/wp-json\/wp\/v2\/media?parent=78"}],"curies":[{"name":"wp","href":"https:\/\/api.w.org\/{rel}","templated":true}]}}