{"id":80,"date":"2020-12-05T14:06:59","date_gmt":"2020-12-05T14:06:59","guid":{"rendered":"http:\/\/us.abbkoen.com\/?page_id=80"},"modified":"2026-03-29T14:35:20","modified_gmt":"2026-03-29T14:35:20","slug":"downloads","status":"publish","type":"page","link":"index.php\/downloads","title":{"rendered":"Downloads"},"content":{"rendered":"\n<p><strong>Downloads und Links<\/strong><\/p>\n\n\n\n<p>ABB &#8211; <strong>Aufnahmeantrag mit Beitrittserkl\u00e4rung<\/strong> im PDF-Format zum Ausdrucken &#8211;&gt; <a href=\"http:\/\/abbkoen.com\/abbaufnahmeantrag.pdf\" target=\"_blank\" rel=\"noreferrer noopener\">hier<\/a><br><br><strong>Aktive B\u00fcrger Bad K\u00f6nigshofen e. V.<\/strong> auf facebook&nbsp; &#8211;&gt;&nbsp;<a href=\"https:\/\/de-de.facebook.com\/abbkoen\/\" target=\"_blank\" rel=\"noreferrer noopener\">hier<\/a><br><br>Fahrpl\u00e4ne zu Fernverbindungen finden Sie \u00fcber den <strong>Link Bahn<\/strong> &#8211;&gt; <a href=\"http:\/\/www.bahn.de\/p\/view\/index.shtml\" target=\"_blank\" rel=\"noreferrer noopener\">hier<\/a><br><br>Wasserqualit\u00e4t f\u00fcr Bad K\u00f6nigshofen, <strong>Wasserzweckverband Gruppe Mitte<\/strong> &#8211;&gt; <a href=\"http:\/\/www.wzvkoen-mitte.de\/index.php\/qualitaet\" target=\"_blank\" rel=\"noreferrer noopener\">hier<\/a><br><br>Abzocke Aufkl\u00e4rungsvideo, <strong>Film Abzocke im K\u00f6nigreich Bayern<\/strong> &#8211;&gt; <a href=\"http:\/\/www.youtube.com\/watch?v=gcNczaZnsqM\" target=\"_blank\" rel=\"noreferrer noopener\">hier<\/a><br><strong><br>Allgemeine Erkl\u00e4rung<\/strong>der Menschenrechte: <strong>30 Artikel Menschenrechte Text <\/strong>&#8211;&gt; <a href=\"http:\/\/abbkoen.com\/menschenrechte.pdf\" target=\"_blank\" rel=\"noreferrer noopener\">hier<\/a><br><br>Arlington Texas &#8211; Bad K\u00f6nigshofen, St\u00e4dtepartnerschaft Youtube <strong>Fotoserie 2001<\/strong> &#8211;&gt; <a href=\"http:\/\/youtu.be\/lhOkWLA0MXg\" target=\"_blank\" rel=\"noreferrer noopener\">hier<\/a><br><strong><br>Bayernhymne<\/strong>, Musikkorps der Bayerischen Polizei: <strong>Bayernhymne Text<\/strong> &#8211;&gt; <a href=\"http:\/\/abbkoen.com\/Die%20Bayernhymne%20-%20Textfassung.pdf\" target=\"_blank\" rel=\"noreferrer noopener\">hier<\/a><br><br><\/p>\n\n\n\n<p>Aktualisierung: 29.03.2026<\/p>\n","protected":false},"excerpt":{"rendered":"<p>Downloads und Links ABB &#8211; Aufnahmeantrag mit Beitrittserkl\u00e4rung im PDF-Format zum Ausdrucken &#8211;&gt; hier Aktive B\u00fcrger Bad K\u00f6nigshofen e. V. auf facebook&nbsp; &#8211;&gt;&nbsp;hier Fahrpl\u00e4ne zu Fernverbindungen finden Sie \u00fcber den Link Bahn &#8211;&gt; hier Wasserqualit\u00e4t f\u00fcr Bad K\u00f6nigshofen, Wasserzweckverband Gruppe Mitte &#8211;&gt; hier Abzocke Aufkl\u00e4rungsvideo, Film Abzocke im K\u00f6nigreich Bayern &#8211;&gt; hierAllgemeine Erkl\u00e4rungder Menschenrechte: 30 &hellip; <\/p>\n<p class=\"link-more\"><a href=\"index.php\/downloads\" class=\"more-link\"><span class=\"screen-reader-text\">\u201eDownloads\u201c <\/span>weiterlesen<\/a><\/p>\n","protected":false},"author":1,"featured_media":0,"parent":0,"menu_order":0,"comment_status":"closed","ping_status":"closed","template":"","meta":{"spay_email":"","footnotes":""},"class_list":["post-80","page","type-page","status-publish","hentry"],"_links":{"self":[{"href":"index.php\/wp-json\/wp\/v2\/pages\/80","targetHints":{"allow":["GET"]}}],"collection":[{"href":"index.php\/wp-json\/wp\/v2\/pages"}],"about":[{"href":"index.php\/wp-json\/wp\/v2\/types\/page"}],"author":[{"embeddable":true,"href":"index.php\/wp-json\/wp\/v2\/users\/1"}],"replies":[{"embeddable":true,"href":"index.php\/wp-json\/wp\/v2\/comments?post=80"}],"version-history":[{"count":15,"href":"index.php\/wp-json\/wp\/v2\/pages\/80\/revisions"}],"predecessor-version":[{"id":794,"href":"index.php\/wp-json\/wp\/v2\/pages\/80\/revisions\/794"}],"wp:attachment":[{"href":"index.php\/wp-json\/wp\/v2\/media?parent=80"}],"curies":[{"name":"wp","href":"https:\/\/api.w.org\/{rel}","templated":true}]}}