{"id":81,"date":"2020-12-05T14:06:59","date_gmt":"2020-12-05T14:06:59","guid":{"rendered":"http:\/\/us.abbkoen.com\/?page_id=81"},"modified":"2026-03-29T14:36:45","modified_gmt":"2026-03-29T14:36:45","slug":"impressum","status":"publish","type":"page","link":"index.php\/impressum","title":{"rendered":"Impressum"},"content":{"rendered":"\n<p><strong>Impressum<\/strong><\/p>\n\n\n\n<p>Verantwortlich f\u00fcr den Inhalt dieser Seite:<br><br>Aktive B\u00fcrger Bad K\u00f6nigshofen e. V.<br>1. Vorsitzende Petra Friedl<br>Obere Gasse 15<br>97631 Bad K\u00f6nigshofen i. Grabfeld<br>Mobil: 0152-55277987<br><br>Registergericht Schweinfurt, VR-NR: 20390<br><br>Finanzamt Bad Neustadt a. d. S.<br>Steuernummer: 205\/107\/22044<br><br><strong>Haftungsausschluss:<\/strong><br><br><strong>Haftung f\u00fcr Inhalte<\/strong><br>Die Inhalte unserer Seiten wurden mit gr\u00f6\u00dfter Sorgfalt erstellt. F\u00fcr die Richtigkeit, Vollst\u00e4ndigkeit<br>und Aktualit\u00e4t der Inhalte k\u00f6nnen wir jedoch keine Gew\u00e4hr \u00fcbernehmen. Als Diensteanbieter sind<br>wir gem\u00e4\u00df \u00a7 7 Abs.1 TMG f\u00fcr eigene Inhalte auf diesen Seiten nach den allgemeinen Gesetzen verantwortlich. Nach \u00a7\u00a7 8 bis 10 TMG sind wir als Diensteanbieter jedoch nicht verpflichtet,<br>\u00fcbermittelte oder gespeicherte fremde Informationen zu \u00fcberwachen oder nach Umst\u00e4nden<br>zu forschen, die auf eine rechtswidrige T\u00e4tigkeit hinweisen. Verpflichtungen zur Entfernung<br>oder Sperrung der Nutzung von Informationen nach den allgemeinen Gesetzen bleiben hiervon<br>unber\u00fchrt. Eine diesbez\u00fcgliche Haftung ist jedoch erst ab dem Zeitpunkt der Kenntnis einer konkreten Rechtsverletzung m\u00f6glich. Bei Bekanntwerden von entsprechenden Rechtsverletzungen werden wir<br>diese Inhalte umgehend entfernen.<br><br><strong>Haftung f\u00fcr Links<\/strong><br>Unser Angebot enth\u00e4lt Links zu externen Webseiten Dritter, auf deren Inhalte wir keinen Einfluss haben. Deshalb k\u00f6nnen wir f\u00fcr diese fremden Inhalte auch keine Gew\u00e4hr \u00fcbernehmen. F\u00fcr die Inhalte der verlinkten Seiten ist stets der jeweilige Anbieter oder Betreiber der Seiten verantwortlich. Die verlinkten Seiten wurden zum Zeitpunkt der Verlinkung auf m\u00f6gliche Rechtsverst\u00f6\u00dfe \u00fcberpr\u00fcft. Rechtswidrige<br>Inhalte waren zum Zeitpunkt der Verlinkung nicht erkennbar. Eine permanente inhaltliche Kontrolle der verlinkten Seiten ist jedoch ohne konkrete Anhaltspunkte einer Rechtsverletzung nicht zumutbar. Bei Bekanntwerden von Rechtsverletzungen werden wir derartige Links umgehend entfernen.<br><br><strong>Urheberrecht<\/strong><br>Die durch die Seitenbetreiber erstellten Inhalte und Werke auf diesen Seiten unterliegen dem deutschen Urheberrecht. Die Vervielf\u00e4ltigung, Bearbeitung, Verbreitung und jede Art der Verwertung au\u00dferhalb<br>der Grenzen des Urheberrechtes bed\u00fcrfen der schriftlichen Zustimmung des jeweiligen Autors bzw. Erstellers. Downloads und Kopien dieser Seite sind nur f\u00fcr den privaten, nicht kommerziellen Gebrauch gestattet. Soweit die Inhalte auf dieser Seite nicht vom Betreiber erstellt wurden, werden<br>die Urheberrechte Dritter beachtet. Insbesondere werden Inhalte Dritter als solche gekennzeichnet.<br>Sollten Sie trotzdem auf eine Urheberrechtsverletzung aufmerksam werden, bitten wir um einen entsprechenden Hinweis. Bei Bekanntwerden von Rechtsverletzungen werden wir derartige Inhalte umgehend entfernen.<\/p>\n\n\n\n<p>Aktualisierung: 29.03.2026<\/p>\n","protected":false},"excerpt":{"rendered":"<p>Impressum Verantwortlich f\u00fcr den Inhalt dieser Seite: Aktive B\u00fcrger Bad K\u00f6nigshofen e. V.1. Vorsitzende Petra FriedlObere Gasse 1597631 Bad K\u00f6nigshofen i. GrabfeldMobil: 0152-55277987 Registergericht Schweinfurt, VR-NR: 20390 Finanzamt Bad Neustadt a. d. S.Steuernummer: 205\/107\/22044 Haftungsausschluss: Haftung f\u00fcr InhalteDie Inhalte unserer Seiten wurden mit gr\u00f6\u00dfter Sorgfalt erstellt. F\u00fcr die Richtigkeit, Vollst\u00e4ndigkeitund Aktualit\u00e4t der Inhalte k\u00f6nnen wir &hellip; <\/p>\n<p class=\"link-more\"><a href=\"index.php\/impressum\" class=\"more-link\"><span class=\"screen-reader-text\">\u201eImpressum\u201c <\/span>weiterlesen<\/a><\/p>\n","protected":false},"author":1,"featured_media":0,"parent":0,"menu_order":0,"comment_status":"closed","ping_status":"closed","template":"","meta":{"spay_email":"","footnotes":""},"class_list":["post-81","page","type-page","status-publish","hentry"],"_links":{"self":[{"href":"index.php\/wp-json\/wp\/v2\/pages\/81","targetHints":{"allow":["GET"]}}],"collection":[{"href":"index.php\/wp-json\/wp\/v2\/pages"}],"about":[{"href":"index.php\/wp-json\/wp\/v2\/types\/page"}],"author":[{"embeddable":true,"href":"index.php\/wp-json\/wp\/v2\/users\/1"}],"replies":[{"embeddable":true,"href":"index.php\/wp-json\/wp\/v2\/comments?post=81"}],"version-history":[{"count":10,"href":"index.php\/wp-json\/wp\/v2\/pages\/81\/revisions"}],"predecessor-version":[{"id":797,"href":"index.php\/wp-json\/wp\/v2\/pages\/81\/revisions\/797"}],"wp:attachment":[{"href":"index.php\/wp-json\/wp\/v2\/media?parent=81"}],"curies":[{"name":"wp","href":"https:\/\/api.w.org\/{rel}","templated":true}]}}